{"id":257,"date":"2025-03-13T12:00:02","date_gmt":"2025-03-13T12:00:02","guid":{"rendered":"https:\/\/vetrine-monitoringtool.eu\/painel-de-controlo-do-mentor\/"},"modified":"2026-01-08T11:42:54","modified_gmt":"2026-01-08T11:42:54","slug":"painel-de-controlo-do-mentor","status":"publish","type":"page","link":"https:\/\/vetrine-monitoringtool.eu\/pt-pt\/painel-de-controlo-do-mentor\/","title":{"rendered":"Painel de controlo do mentor"},"content":{"rendered":"\n<p>Os mentores desempenham um papel fundamental na fase de simula\u00e7\u00e3o, apoiando os participantes na resolu\u00e7\u00e3o de desafios de conce\u00e7\u00e3o, promovendo a inova\u00e7\u00e3o e alinhando as ideias com a sustentabilidade e as exig\u00eancias do mercado.<br><br><\/p>\n\n\n\n<ul class=\"wp-block-list\">\n<li>Espera-se que os mentores:<\/li>\n\n\n\n<li>Analisem os relat\u00f3rios de progresso dos alunos<\/li>\n\n\n\n<li>Forne\u00e7am feedback e orienta\u00e7\u00e3o construtiva<\/li>\n\n\n\n<li>Ajudem a alinhar conceitos de produtos com princ\u00edpios de sustentabilidade e objetivos comerciais<\/li>\n<\/ul>\n\n\n\n<div class=\"wp-block-buttons is-layout-flex wp-block-buttons-is-layout-flex\">\n<div class=\"wp-block-button\"><a class=\"wp-block-button__link wp-element-button\" href=\"https:\/\/vetrine-monitoringtool.eu\/pt-pt\/courses\/diario-e-etapas-do-produtor-verde\/\">Come\u00e7ar aqui<\/a><\/div>\n<\/div>\n\n\n\n<p><\/p>\n","protected":false},"excerpt":{"rendered":"<p>Os mentores desempenham um papel fundamental na fase de simula\u00e7\u00e3o, apoiando os participantes na resolu\u00e7\u00e3o de desafios de conce\u00e7\u00e3o, promovendo [&hellip;]<\/p>\n","protected":false},"author":1,"featured_media":0,"parent":0,"menu_order":0,"comment_status":"closed","ping_status":"closed","template":"","meta":{"site-sidebar-layout":"default","site-content-layout":"","ast-site-content-layout":"","site-content-style":"default","site-sidebar-style":"default","ast-global-header-display":"","ast-banner-title-visibility":"","ast-main-header-display":"","ast-hfb-above-header-display":"","ast-hfb-below-header-display":"","ast-hfb-mobile-header-display":"","site-post-title":"","ast-breadcrumbs-content":"","ast-featured-img":"","footer-sml-layout":"","theme-transparent-header-meta":"","adv-header-id-meta":"","stick-header-meta":"","header-above-stick-meta":"","header-main-stick-meta":"","header-below-stick-meta":"","astra-migrate-meta-layouts":"default","ast-page-background-enabled":"default","ast-page-background-meta":{"desktop":{"background-color":"var(--ast-global-color-5)","background-image":"","background-repeat":"repeat","background-position":"center center","background-size":"auto","background-attachment":"scroll","background-type":"","background-media":"","overlay-type":"","overlay-color":"","overlay-opacity":"","overlay-gradient":""},"tablet":{"background-color":"","background-image":"","background-repeat":"repeat","background-position":"center center","background-size":"auto","background-attachment":"scroll","background-type":"","background-media":"","overlay-type":"","overlay-color":"","overlay-opacity":"","overlay-gradient":""},"mobile":{"background-color":"","background-image":"","background-repeat":"repeat","background-position":"center center","background-size":"auto","background-attachment":"scroll","background-type":"","background-media":"","overlay-type":"","overlay-color":"","overlay-opacity":"","overlay-gradient":""}},"ast-content-background-meta":{"desktop":{"background-color":"var(--ast-global-color-4)","background-image":"","background-repeat":"repeat","background-position":"center center","background-size":"auto","background-attachment":"scroll","background-type":"","background-media":"","overlay-type":"","overlay-color":"","overlay-opacity":"","overlay-gradient":""},"tablet":{"background-color":"var(--ast-global-color-4)","background-image":"","background-repeat":"repeat","background-position":"center center","background-size":"auto","background-attachment":"scroll","background-type":"","background-media":"","overlay-type":"","overlay-color":"","overlay-opacity":"","overlay-gradient":""},"mobile":{"background-color":"var(--ast-global-color-4)","background-image":"","background-repeat":"repeat","background-position":"center center","background-size":"auto","background-attachment":"scroll","background-type":"","background-media":"","overlay-type":"","overlay-color":"","overlay-opacity":"","overlay-gradient":""}},"footnotes":""},"class_list":["post-257","page","type-page","status-publish","hentry"],"_links":{"self":[{"href":"https:\/\/vetrine-monitoringtool.eu\/pt-pt\/wp-json\/wp\/v2\/pages\/257","targetHints":{"allow":["GET"]}}],"collection":[{"href":"https:\/\/vetrine-monitoringtool.eu\/pt-pt\/wp-json\/wp\/v2\/pages"}],"about":[{"href":"https:\/\/vetrine-monitoringtool.eu\/pt-pt\/wp-json\/wp\/v2\/types\/page"}],"author":[{"embeddable":true,"href":"https:\/\/vetrine-monitoringtool.eu\/pt-pt\/wp-json\/wp\/v2\/users\/1"}],"replies":[{"embeddable":true,"href":"https:\/\/vetrine-monitoringtool.eu\/pt-pt\/wp-json\/wp\/v2\/comments?post=257"}],"version-history":[{"count":2,"href":"https:\/\/vetrine-monitoringtool.eu\/pt-pt\/wp-json\/wp\/v2\/pages\/257\/revisions"}],"predecessor-version":[{"id":1030,"href":"https:\/\/vetrine-monitoringtool.eu\/pt-pt\/wp-json\/wp\/v2\/pages\/257\/revisions\/1030"}],"wp:attachment":[{"href":"https:\/\/vetrine-monitoringtool.eu\/pt-pt\/wp-json\/wp\/v2\/media?parent=257"}],"curies":[{"name":"wp","href":"https:\/\/api.w.org\/{rel}","templated":true}]}}