{"id":251,"date":"2025-03-13T11:11:28","date_gmt":"2025-03-13T11:11:28","guid":{"rendered":"https:\/\/vetrine-monitoringtool.eu\/painel-de-utilizador-do-participante\/"},"modified":"2026-01-08T09:53:20","modified_gmt":"2026-01-08T09:53:20","slug":"painel-de-utilizador-do-participante","status":"publish","type":"page","link":"https:\/\/vetrine-monitoringtool.eu\/pt-pt\/painel-de-utilizador-do-participante\/","title":{"rendered":"Painel de utilizador do Participante"},"content":{"rendered":"\n<p>Como criador de produtos com carater\u00edsticas sustent\u00e1veis, o seu objetivo \u00e9 criar um artigo de moda que reflita sustentabilidade, criatividade e relev\u00e2ncia para o mercado.<br><br><\/p>\n\n\n\n<ul class=\"wp-block-list\">\n<li>Espera-se que os mentores:<\/li>\n\n\n\n<li>Enviar relat\u00f3rios de progresso regulares atrav\u00e9s desta ferramenta<\/li>\n\n\n\n<li>Documentar o seu percurso de desenvolvimento, incluindo esbo\u00e7os, observa\u00e7\u00f5es e desafios<\/li>\n\n\n\n<li>Aplicar o feedback do seu mentor para melhorar o seu projeto<\/li>\n<\/ul>\n\n\n\n<div class=\"wp-block-buttons is-layout-flex wp-block-buttons-is-layout-flex\">\n<div class=\"wp-block-button\"><a class=\"wp-block-button__link wp-element-button\" href=\"https:\/\/vetrine-monitoringtool.eu\/pt-pt\/courses\/green-producer-diary-stages-learner\/\">Come\u00e7ar aqui<\/a><\/div>\n<\/div>\n\n\n\n<p><\/p>\n","protected":false},"excerpt":{"rendered":"<p>Como criador de produtos com carater\u00edsticas sustent\u00e1veis, o seu objetivo \u00e9 criar um artigo de moda que reflita sustentabilidade, criatividade [&hellip;]<\/p>\n","protected":false},"author":1,"featured_media":0,"parent":0,"menu_order":0,"comment_status":"closed","ping_status":"closed","template":"","meta":{"site-sidebar-layout":"default","site-content-layout":"","ast-site-content-layout":"","site-content-style":"default","site-sidebar-style":"default","ast-global-header-display":"","ast-banner-title-visibility":"","ast-main-header-display":"","ast-hfb-above-header-display":"","ast-hfb-below-header-display":"","ast-hfb-mobile-header-display":"","site-post-title":"","ast-breadcrumbs-content":"","ast-featured-img":"","footer-sml-layout":"","theme-transparent-header-meta":"","adv-header-id-meta":"","stick-header-meta":"","header-above-stick-meta":"","header-main-stick-meta":"","header-below-stick-meta":"","astra-migrate-meta-layouts":"default","ast-page-background-enabled":"default","ast-page-background-meta":{"desktop":{"background-color":"var(--ast-global-color-5)","background-image":"","background-repeat":"repeat","background-position":"center center","background-size":"auto","background-attachment":"scroll","background-type":"","background-media":"","overlay-type":"","overlay-color":"","overlay-opacity":"","overlay-gradient":""},"tablet":{"background-color":"","background-image":"","background-repeat":"repeat","background-position":"center center","background-size":"auto","background-attachment":"scroll","background-type":"","background-media":"","overlay-type":"","overlay-color":"","overlay-opacity":"","overlay-gradient":""},"mobile":{"background-color":"","background-image":"","background-repeat":"repeat","background-position":"center center","background-size":"auto","background-attachment":"scroll","background-type":"","background-media":"","overlay-type":"","overlay-color":"","overlay-opacity":"","overlay-gradient":""}},"ast-content-background-meta":{"desktop":{"background-color":"var(--ast-global-color-4)","background-image":"","background-repeat":"repeat","background-position":"center center","background-size":"auto","background-attachment":"scroll","background-type":"","background-media":"","overlay-type":"","overlay-color":"","overlay-opacity":"","overlay-gradient":""},"tablet":{"background-color":"var(--ast-global-color-4)","background-image":"","background-repeat":"repeat","background-position":"center center","background-size":"auto","background-attachment":"scroll","background-type":"","background-media":"","overlay-type":"","overlay-color":"","overlay-opacity":"","overlay-gradient":""},"mobile":{"background-color":"var(--ast-global-color-4)","background-image":"","background-repeat":"repeat","background-position":"center center","background-size":"auto","background-attachment":"scroll","background-type":"","background-media":"","overlay-type":"","overlay-color":"","overlay-opacity":"","overlay-gradient":""}},"footnotes":""},"class_list":["post-251","page","type-page","status-publish","hentry"],"_links":{"self":[{"href":"https:\/\/vetrine-monitoringtool.eu\/pt-pt\/wp-json\/wp\/v2\/pages\/251","targetHints":{"allow":["GET"]}}],"collection":[{"href":"https:\/\/vetrine-monitoringtool.eu\/pt-pt\/wp-json\/wp\/v2\/pages"}],"about":[{"href":"https:\/\/vetrine-monitoringtool.eu\/pt-pt\/wp-json\/wp\/v2\/types\/page"}],"author":[{"embeddable":true,"href":"https:\/\/vetrine-monitoringtool.eu\/pt-pt\/wp-json\/wp\/v2\/users\/1"}],"replies":[{"embeddable":true,"href":"https:\/\/vetrine-monitoringtool.eu\/pt-pt\/wp-json\/wp\/v2\/comments?post=251"}],"version-history":[{"count":3,"href":"https:\/\/vetrine-monitoringtool.eu\/pt-pt\/wp-json\/wp\/v2\/pages\/251\/revisions"}],"predecessor-version":[{"id":1028,"href":"https:\/\/vetrine-monitoringtool.eu\/pt-pt\/wp-json\/wp\/v2\/pages\/251\/revisions\/1028"}],"wp:attachment":[{"href":"https:\/\/vetrine-monitoringtool.eu\/pt-pt\/wp-json\/wp\/v2\/media?parent=251"}],"curies":[{"name":"wp","href":"https:\/\/api.w.org\/{rel}","templated":true}]}}