{"id":256,"date":"2025-03-13T12:00:02","date_gmt":"2025-03-13T12:00:02","guid":{"rendered":"https:\/\/vetrine-monitoringtool.eu\/mentoriaus-prietaisu-skydelis\/"},"modified":"2025-04-24T07:59:19","modified_gmt":"2025-04-24T07:59:19","slug":"mentoriaus-prietaisu-skydelis","status":"publish","type":"page","link":"https:\/\/vetrine-monitoringtool.eu\/lt\/mentoriaus-prietaisu-skydelis\/","title":{"rendered":"mentoriaus prietais\u0173 skydelis"},"content":{"rendered":"\n<p>Mentoriai vaidina pagrindin\u012f vaidmen\u012f modeliavimo etape, pad\u0117dami besimokantiesiems \u012fveikti dizaino i\u0161\u0161\u016bkius, skatinti naujoves ir suderinti id\u0117jas su tvarumu ir rinkos poreikiais.<br><br><\/p>\n\n\n\n<ul class=\"wp-block-list\">\n<li>Kiekvien\u0105 m\u0117nes\u012f mentoriai tur\u0117t\u0173:<\/li>\n\n\n\n<li>Per\u017ei\u016br\u0117kite besimokan\u010di\u0173j\u0173 pa\u017eangos ataskaitas<\/li>\n\n\n\n<li>Pateikite gr\u012f\u017etam\u0105j\u012f ry\u0161\u012f ir konstruktyvias gaires<\/li>\n\n\n\n<li>Pad\u0117kite suderinti produkt\u0173 koncepcijas su tvarumo principais ir verslo tikslais<\/li>\n<\/ul>\n\n\n\n<div class=\"wp-block-buttons is-layout-flex wp-block-buttons-is-layout-flex\">\n<div class=\"wp-block-button\"><a class=\"wp-block-button__link wp-element-button\" href=\"https:\/\/vetrine-monitoringtool.eu\/lt\/courses\/green-producer-diary-stages-learner\/\">Prad\u0117kite \u010dia<\/a><\/div>\n<\/div>\n\n\n\n<p><\/p>\n","protected":false},"excerpt":{"rendered":"<p>Mentoriai vaidina pagrindin\u012f vaidmen\u012f modeliavimo etape, pad\u0117dami besimokantiesiems \u012fveikti dizaino i\u0161\u0161\u016bkius, skatinti naujoves ir suderinti id\u0117jas su tvarumu ir rinkos [&hellip;]<\/p>\n","protected":false},"author":1,"featured_media":0,"parent":0,"menu_order":0,"comment_status":"closed","ping_status":"closed","template":"","meta":{"site-sidebar-layout":"default","site-content-layout":"","ast-site-content-layout":"","site-content-style":"default","site-sidebar-style":"default","ast-global-header-display":"","ast-banner-title-visibility":"","ast-main-header-display":"","ast-hfb-above-header-display":"","ast-hfb-below-header-display":"","ast-hfb-mobile-header-display":"","site-post-title":"","ast-breadcrumbs-content":"","ast-featured-img":"","footer-sml-layout":"","theme-transparent-header-meta":"","adv-header-id-meta":"","stick-header-meta":"","header-above-stick-meta":"","header-main-stick-meta":"","header-below-stick-meta":"","astra-migrate-meta-layouts":"default","ast-page-background-enabled":"default","ast-page-background-meta":{"desktop":{"background-color":"var(--ast-global-color-5)","background-image":"","background-repeat":"repeat","background-position":"center center","background-size":"auto","background-attachment":"scroll","background-type":"","background-media":"","overlay-type":"","overlay-color":"","overlay-opacity":"","overlay-gradient":""},"tablet":{"background-color":"","background-image":"","background-repeat":"repeat","background-position":"center center","background-size":"auto","background-attachment":"scroll","background-type":"","background-media":"","overlay-type":"","overlay-color":"","overlay-opacity":"","overlay-gradient":""},"mobile":{"background-color":"","background-image":"","background-repeat":"repeat","background-position":"center center","background-size":"auto","background-attachment":"scroll","background-type":"","background-media":"","overlay-type":"","overlay-color":"","overlay-opacity":"","overlay-gradient":""}},"ast-content-background-meta":{"desktop":{"background-color":"var(--ast-global-color-4)","background-image":"","background-repeat":"repeat","background-position":"center center","background-size":"auto","background-attachment":"scroll","background-type":"","background-media":"","overlay-type":"","overlay-color":"","overlay-opacity":"","overlay-gradient":""},"tablet":{"background-color":"var(--ast-global-color-4)","background-image":"","background-repeat":"repeat","background-position":"center center","background-size":"auto","background-attachment":"scroll","background-type":"","background-media":"","overlay-type":"","overlay-color":"","overlay-opacity":"","overlay-gradient":""},"mobile":{"background-color":"var(--ast-global-color-4)","background-image":"","background-repeat":"repeat","background-position":"center center","background-size":"auto","background-attachment":"scroll","background-type":"","background-media":"","overlay-type":"","overlay-color":"","overlay-opacity":"","overlay-gradient":""}},"footnotes":""},"class_list":["post-256","page","type-page","status-publish","hentry"],"_links":{"self":[{"href":"https:\/\/vetrine-monitoringtool.eu\/lt\/wp-json\/wp\/v2\/pages\/256","targetHints":{"allow":["GET"]}}],"collection":[{"href":"https:\/\/vetrine-monitoringtool.eu\/lt\/wp-json\/wp\/v2\/pages"}],"about":[{"href":"https:\/\/vetrine-monitoringtool.eu\/lt\/wp-json\/wp\/v2\/types\/page"}],"author":[{"embeddable":true,"href":"https:\/\/vetrine-monitoringtool.eu\/lt\/wp-json\/wp\/v2\/users\/1"}],"replies":[{"embeddable":true,"href":"https:\/\/vetrine-monitoringtool.eu\/lt\/wp-json\/wp\/v2\/comments?post=256"}],"version-history":[{"count":2,"href":"https:\/\/vetrine-monitoringtool.eu\/lt\/wp-json\/wp\/v2\/pages\/256\/revisions"}],"predecessor-version":[{"id":407,"href":"https:\/\/vetrine-monitoringtool.eu\/lt\/wp-json\/wp\/v2\/pages\/256\/revisions\/407"}],"wp:attachment":[{"href":"https:\/\/vetrine-monitoringtool.eu\/lt\/wp-json\/wp\/v2\/media?parent=256"}],"curies":[{"name":"wp","href":"https:\/\/api.w.org\/{rel}","templated":true}]}}