{"id":250,"date":"2025-03-13T11:11:28","date_gmt":"2025-03-13T11:11:28","guid":{"rendered":"https:\/\/vetrine-monitoringtool.eu\/mokinio-prietaisu-skydelis\/"},"modified":"2025-03-13T11:11:28","modified_gmt":"2025-03-13T11:11:28","slug":"mokinio-prietaisu-skydelis","status":"publish","type":"page","link":"https:\/\/vetrine-monitoringtool.eu\/lt\/mokinio-prietaisu-skydelis\/","title":{"rendered":"Mokinio prietais\u0173 skydelis"},"content":{"rendered":"\n<p>Kaip ekologi\u0161kas gamintojas, j\u016bs\u0173 tikslas yra kartu sukurti mados gamin\u012f, atspindint\u012f tvarum\u0105, k\u016brybi\u0161kum\u0105 ir rinkos svarb\u0105.<br><br><\/p>\n\n\n\n<ul class=\"wp-block-list\">\n<li>Pareigos:<\/li>\n\n\n\n<li>Naudodami \u0161\u012f \u012frank\u012f pateikite m\u0117nesines pa\u017eangos ataskaitas<\/li>\n\n\n\n<li>Dokumentuokite savo k\u016brimo proces\u0105, \u012fskaitant eskizus, pastabas ir i\u0161\u0161\u016bkius<\/li>\n\n\n\n<li>Taikykite savo mentoriaus atsiliepimus, kad pagerintum\u0117te savo projekt\u0105<\/li>\n<\/ul>\n\n\n\n<div class=\"wp-block-buttons is-layout-flex wp-block-buttons-is-layout-flex\">\n<div class=\"wp-block-button\"><a class=\"wp-block-button__link wp-element-button\" href=\"https:\/\/vetrine-monitoringtool.eu\/courses\/green-producer-diary-stages\/\">Prad\u0117kite \u010dia<\/a><\/div>\n<\/div>\n\n\n\n<p><\/p>\n","protected":false},"excerpt":{"rendered":"<p>Kaip ekologi\u0161kas gamintojas, j\u016bs\u0173 tikslas yra kartu sukurti mados gamin\u012f, atspindint\u012f tvarum\u0105, k\u016brybi\u0161kum\u0105 ir rinkos svarb\u0105.<\/p>\n","protected":false},"author":1,"featured_media":0,"parent":0,"menu_order":0,"comment_status":"closed","ping_status":"closed","template":"","meta":{"site-sidebar-layout":"default","site-content-layout":"","ast-site-content-layout":"","site-content-style":"default","site-sidebar-style":"default","ast-global-header-display":"","ast-banner-title-visibility":"","ast-main-header-display":"","ast-hfb-above-header-display":"","ast-hfb-below-header-display":"","ast-hfb-mobile-header-display":"","site-post-title":"","ast-breadcrumbs-content":"","ast-featured-img":"","footer-sml-layout":"","theme-transparent-header-meta":"","adv-header-id-meta":"","stick-header-meta":"","header-above-stick-meta":"","header-main-stick-meta":"","header-below-stick-meta":"","astra-migrate-meta-layouts":"default","ast-page-background-enabled":"default","ast-page-background-meta":{"desktop":{"background-color":"var(--ast-global-color-5)","background-image":"","background-repeat":"repeat","background-position":"center center","background-size":"auto","background-attachment":"scroll","background-type":"","background-media":"","overlay-type":"","overlay-color":"","overlay-opacity":"","overlay-gradient":""},"tablet":{"background-color":"","background-image":"","background-repeat":"repeat","background-position":"center center","background-size":"auto","background-attachment":"scroll","background-type":"","background-media":"","overlay-type":"","overlay-color":"","overlay-opacity":"","overlay-gradient":""},"mobile":{"background-color":"","background-image":"","background-repeat":"repeat","background-position":"center center","background-size":"auto","background-attachment":"scroll","background-type":"","background-media":"","overlay-type":"","overlay-color":"","overlay-opacity":"","overlay-gradient":""}},"ast-content-background-meta":{"desktop":{"background-color":"var(--ast-global-color-4)","background-image":"","background-repeat":"repeat","background-position":"center center","background-size":"auto","background-attachment":"scroll","background-type":"","background-media":"","overlay-type":"","overlay-color":"","overlay-opacity":"","overlay-gradient":""},"tablet":{"background-color":"var(--ast-global-color-4)","background-image":"","background-repeat":"repeat","background-position":"center center","background-size":"auto","background-attachment":"scroll","background-type":"","background-media":"","overlay-type":"","overlay-color":"","overlay-opacity":"","overlay-gradient":""},"mobile":{"background-color":"var(--ast-global-color-4)","background-image":"","background-repeat":"repeat","background-position":"center center","background-size":"auto","background-attachment":"scroll","background-type":"","background-media":"","overlay-type":"","overlay-color":"","overlay-opacity":"","overlay-gradient":""}},"footnotes":""},"class_list":["post-250","page","type-page","status-publish","hentry"],"_links":{"self":[{"href":"https:\/\/vetrine-monitoringtool.eu\/lt\/wp-json\/wp\/v2\/pages\/250","targetHints":{"allow":["GET"]}}],"collection":[{"href":"https:\/\/vetrine-monitoringtool.eu\/lt\/wp-json\/wp\/v2\/pages"}],"about":[{"href":"https:\/\/vetrine-monitoringtool.eu\/lt\/wp-json\/wp\/v2\/types\/page"}],"author":[{"embeddable":true,"href":"https:\/\/vetrine-monitoringtool.eu\/lt\/wp-json\/wp\/v2\/users\/1"}],"replies":[{"embeddable":true,"href":"https:\/\/vetrine-monitoringtool.eu\/lt\/wp-json\/wp\/v2\/comments?post=250"}],"version-history":[{"count":0,"href":"https:\/\/vetrine-monitoringtool.eu\/lt\/wp-json\/wp\/v2\/pages\/250\/revisions"}],"wp:attachment":[{"href":"https:\/\/vetrine-monitoringtool.eu\/lt\/wp-json\/wp\/v2\/media?parent=250"}],"curies":[{"name":"wp","href":"https:\/\/api.w.org\/{rel}","templated":true}]}}