{"id":254,"date":"2025-03-13T12:00:02","date_gmt":"2025-03-13T12:00:02","guid":{"rendered":"https:\/\/vetrine-monitoringtool.eu\/tableau-de-bord-du-mentor\/"},"modified":"2025-04-25T09:26:23","modified_gmt":"2025-04-25T09:26:23","slug":"tableau-de-bord-du-mentor","status":"publish","type":"page","link":"https:\/\/vetrine-monitoringtool.eu\/fr\/tableau-de-bord-du-mentor\/","title":{"rendered":"Tableau de bord Mentor"},"content":{"rendered":"\n<p>Les mentors jouent un r\u00f4le essentiel pendant la phase de simulation : ils aident les apprenants \u00e0 surmonter les d\u00e9fis de conception, \u00e0 innover, et \u00e0 aligner leurs id\u00e9es sur les principes de durabilit\u00e9 et les exigences du march\u00e9.<br><br><\/p>\n\n\n\n<ul class=\"wp-block-list\">\n<li>Chaque mois, les mentors doivent:<\/li>\n\n\n\n<li>Examiner les rapports d\u2019avancement des apprenants<\/li>\n\n\n\n<li>Fournir des retours et conseils constructifs<\/li>\n\n\n\n<li>Aider \u00e0 aligner les concepts de produit avec les objectifs de durabilit\u00e9 et les ambitions commerciales<\/li>\n<\/ul>\n\n\n\n<div class=\"wp-block-buttons is-layout-flex wp-block-buttons-is-layout-flex\">\n<div class=\"wp-block-button\"><a class=\"wp-block-button__link wp-element-button\" href=\"https:\/\/vetrine-monitoringtool.eu\/fr\/courses\/journal-et-etapes-du-producteur-vert\/\">Commencer ici<\/a><\/div>\n<\/div>\n\n\n\n<p><\/p>\n","protected":false},"excerpt":{"rendered":"<p>Les mentors jouent un r\u00f4le essentiel pendant la phase de simulation : ils aident les apprenants \u00e0 surmonter les d\u00e9fis [&hellip;]<\/p>\n","protected":false},"author":1,"featured_media":0,"parent":0,"menu_order":0,"comment_status":"closed","ping_status":"closed","template":"","meta":{"site-sidebar-layout":"default","site-content-layout":"","ast-site-content-layout":"","site-content-style":"default","site-sidebar-style":"default","ast-global-header-display":"","ast-banner-title-visibility":"","ast-main-header-display":"","ast-hfb-above-header-display":"","ast-hfb-below-header-display":"","ast-hfb-mobile-header-display":"","site-post-title":"","ast-breadcrumbs-content":"","ast-featured-img":"","footer-sml-layout":"","theme-transparent-header-meta":"","adv-header-id-meta":"","stick-header-meta":"","header-above-stick-meta":"","header-main-stick-meta":"","header-below-stick-meta":"","astra-migrate-meta-layouts":"default","ast-page-background-enabled":"default","ast-page-background-meta":{"desktop":{"background-color":"var(--ast-global-color-5)","background-image":"","background-repeat":"repeat","background-position":"center center","background-size":"auto","background-attachment":"scroll","background-type":"","background-media":"","overlay-type":"","overlay-color":"","overlay-opacity":"","overlay-gradient":""},"tablet":{"background-color":"","background-image":"","background-repeat":"repeat","background-position":"center center","background-size":"auto","background-attachment":"scroll","background-type":"","background-media":"","overlay-type":"","overlay-color":"","overlay-opacity":"","overlay-gradient":""},"mobile":{"background-color":"","background-image":"","background-repeat":"repeat","background-position":"center center","background-size":"auto","background-attachment":"scroll","background-type":"","background-media":"","overlay-type":"","overlay-color":"","overlay-opacity":"","overlay-gradient":""}},"ast-content-background-meta":{"desktop":{"background-color":"var(--ast-global-color-4)","background-image":"","background-repeat":"repeat","background-position":"center center","background-size":"auto","background-attachment":"scroll","background-type":"","background-media":"","overlay-type":"","overlay-color":"","overlay-opacity":"","overlay-gradient":""},"tablet":{"background-color":"var(--ast-global-color-4)","background-image":"","background-repeat":"repeat","background-position":"center center","background-size":"auto","background-attachment":"scroll","background-type":"","background-media":"","overlay-type":"","overlay-color":"","overlay-opacity":"","overlay-gradient":""},"mobile":{"background-color":"var(--ast-global-color-4)","background-image":"","background-repeat":"repeat","background-position":"center center","background-size":"auto","background-attachment":"scroll","background-type":"","background-media":"","overlay-type":"","overlay-color":"","overlay-opacity":"","overlay-gradient":""}},"footnotes":""},"class_list":["post-254","page","type-page","status-publish","hentry"],"_links":{"self":[{"href":"https:\/\/vetrine-monitoringtool.eu\/fr\/wp-json\/wp\/v2\/pages\/254","targetHints":{"allow":["GET"]}}],"collection":[{"href":"https:\/\/vetrine-monitoringtool.eu\/fr\/wp-json\/wp\/v2\/pages"}],"about":[{"href":"https:\/\/vetrine-monitoringtool.eu\/fr\/wp-json\/wp\/v2\/types\/page"}],"author":[{"embeddable":true,"href":"https:\/\/vetrine-monitoringtool.eu\/fr\/wp-json\/wp\/v2\/users\/1"}],"replies":[{"embeddable":true,"href":"https:\/\/vetrine-monitoringtool.eu\/fr\/wp-json\/wp\/v2\/comments?post=254"}],"version-history":[{"count":2,"href":"https:\/\/vetrine-monitoringtool.eu\/fr\/wp-json\/wp\/v2\/pages\/254\/revisions"}],"predecessor-version":[{"id":452,"href":"https:\/\/vetrine-monitoringtool.eu\/fr\/wp-json\/wp\/v2\/pages\/254\/revisions\/452"}],"wp:attachment":[{"href":"https:\/\/vetrine-monitoringtool.eu\/fr\/wp-json\/wp\/v2\/media?parent=254"}],"curies":[{"name":"wp","href":"https:\/\/api.w.org\/{rel}","templated":true}]}}