{"id":248,"date":"2025-03-13T11:11:28","date_gmt":"2025-03-13T11:11:28","guid":{"rendered":"https:\/\/vetrine-monitoringtool.eu\/tableau-de-bord-de-lapprenant\/"},"modified":"2025-04-25T09:23:58","modified_gmt":"2025-04-25T09:23:58","slug":"tableau-de-bord-de-lapprenant","status":"publish","type":"page","link":"https:\/\/vetrine-monitoringtool.eu\/fr\/tableau-de-bord-de-lapprenant\/","title":{"rendered":"Tableau de bord Apprenant"},"content":{"rendered":"\n<p>En tant que producteur \u00e9coresponsable, votre objectif est de co-cr\u00e9er un article de mode qui refl\u00e8te durabilit\u00e9, cr\u00e9ativit\u00e9 et pertinence commerciale.<br><br><\/p>\n\n\n\n<ol class=\"wp-block-list\">\n<li>Responsabilit\u00e9s :<\/li>\n<\/ol>\n\n\n\n<ul class=\"wp-block-list\">\n<li>Soumettre des rapports mensuels via cet outil<\/li>\n\n\n\n<li>Documenter le processus de d\u00e9veloppement, y compris croquis, notes et difficult\u00e9s rencontr\u00e9es<\/li>\n\n\n\n<li>Int\u00e9grer les conseils de votre mentor pour am\u00e9liorer votre projet<\/li>\n<\/ul>\n\n\n\n<div class=\"wp-block-buttons is-layout-flex wp-block-buttons-is-layout-flex\">\n<div class=\"wp-block-button\"><a class=\"wp-block-button__link wp-element-button\" href=\"https:\/\/vetrine-monitoringtool.eu\/fr\/courses\/green-producer-diary-stages-learner\/\">Commencer ici<\/a><\/div>\n<\/div>\n\n\n\n<p><\/p>\n","protected":false},"excerpt":{"rendered":"<p>En tant que producteur \u00e9coresponsable, votre objectif est de co-cr\u00e9er un article de mode qui refl\u00e8te durabilit\u00e9, cr\u00e9ativit\u00e9 et pertinence [&hellip;]<\/p>\n","protected":false},"author":1,"featured_media":0,"parent":0,"menu_order":0,"comment_status":"closed","ping_status":"closed","template":"","meta":{"site-sidebar-layout":"default","site-content-layout":"","ast-site-content-layout":"","site-content-style":"default","site-sidebar-style":"default","ast-global-header-display":"","ast-banner-title-visibility":"","ast-main-header-display":"","ast-hfb-above-header-display":"","ast-hfb-below-header-display":"","ast-hfb-mobile-header-display":"","site-post-title":"","ast-breadcrumbs-content":"","ast-featured-img":"","footer-sml-layout":"","theme-transparent-header-meta":"","adv-header-id-meta":"","stick-header-meta":"","header-above-stick-meta":"","header-main-stick-meta":"","header-below-stick-meta":"","astra-migrate-meta-layouts":"default","ast-page-background-enabled":"default","ast-page-background-meta":{"desktop":{"background-color":"var(--ast-global-color-5)","background-image":"","background-repeat":"repeat","background-position":"center center","background-size":"auto","background-attachment":"scroll","background-type":"","background-media":"","overlay-type":"","overlay-color":"","overlay-opacity":"","overlay-gradient":""},"tablet":{"background-color":"","background-image":"","background-repeat":"repeat","background-position":"center center","background-size":"auto","background-attachment":"scroll","background-type":"","background-media":"","overlay-type":"","overlay-color":"","overlay-opacity":"","overlay-gradient":""},"mobile":{"background-color":"","background-image":"","background-repeat":"repeat","background-position":"center center","background-size":"auto","background-attachment":"scroll","background-type":"","background-media":"","overlay-type":"","overlay-color":"","overlay-opacity":"","overlay-gradient":""}},"ast-content-background-meta":{"desktop":{"background-color":"var(--ast-global-color-4)","background-image":"","background-repeat":"repeat","background-position":"center center","background-size":"auto","background-attachment":"scroll","background-type":"","background-media":"","overlay-type":"","overlay-color":"","overlay-opacity":"","overlay-gradient":""},"tablet":{"background-color":"var(--ast-global-color-4)","background-image":"","background-repeat":"repeat","background-position":"center center","background-size":"auto","background-attachment":"scroll","background-type":"","background-media":"","overlay-type":"","overlay-color":"","overlay-opacity":"","overlay-gradient":""},"mobile":{"background-color":"var(--ast-global-color-4)","background-image":"","background-repeat":"repeat","background-position":"center center","background-size":"auto","background-attachment":"scroll","background-type":"","background-media":"","overlay-type":"","overlay-color":"","overlay-opacity":"","overlay-gradient":""}},"footnotes":""},"class_list":["post-248","page","type-page","status-publish","hentry"],"_links":{"self":[{"href":"https:\/\/vetrine-monitoringtool.eu\/fr\/wp-json\/wp\/v2\/pages\/248","targetHints":{"allow":["GET"]}}],"collection":[{"href":"https:\/\/vetrine-monitoringtool.eu\/fr\/wp-json\/wp\/v2\/pages"}],"about":[{"href":"https:\/\/vetrine-monitoringtool.eu\/fr\/wp-json\/wp\/v2\/types\/page"}],"author":[{"embeddable":true,"href":"https:\/\/vetrine-monitoringtool.eu\/fr\/wp-json\/wp\/v2\/users\/1"}],"replies":[{"embeddable":true,"href":"https:\/\/vetrine-monitoringtool.eu\/fr\/wp-json\/wp\/v2\/comments?post=248"}],"version-history":[{"count":2,"href":"https:\/\/vetrine-monitoringtool.eu\/fr\/wp-json\/wp\/v2\/pages\/248\/revisions"}],"predecessor-version":[{"id":450,"href":"https:\/\/vetrine-monitoringtool.eu\/fr\/wp-json\/wp\/v2\/pages\/248\/revisions\/450"}],"wp:attachment":[{"href":"https:\/\/vetrine-monitoringtool.eu\/fr\/wp-json\/wp\/v2\/media?parent=248"}],"curies":[{"name":"wp","href":"https:\/\/api.w.org\/{rel}","templated":true}]}}