{"id":236,"date":"2025-03-12T15:02:18","date_gmt":"2025-03-12T15:02:18","guid":{"rendered":"https:\/\/vetrine-monitoringtool.eu\/pleins-feux-sur-entrefashion\/"},"modified":"2025-04-25T09:13:30","modified_gmt":"2025-04-25T09:13:30","slug":"pleins-feux-sur-entrefashion","status":"publish","type":"page","link":"https:\/\/vetrine-monitoringtool.eu\/fr\/","title":{"rendered":"Bienvenue sur l\u2019outil de suivi ENTRE-FASHION"},"content":{"rendered":"\n<div class=\"wp-block-cover alignfull\" style=\"min-height:720px;aspect-ratio:unset;\"><span aria-hidden=\"true\" class=\"wp-block-cover__background has-background-dim-100 has-background-dim has-background-gradient\" style=\"background:linear-gradient(35deg,rgb(6,0,151) 0%,rgb(62,180,175) 38%,rgb(130,4,255) 72%,rgb(237,104,110) 100%)\"><\/span><div class=\"wp-block-cover__inner-container is-layout-flow wp-block-cover-is-layout-flow\">\n<div class=\"inherit-container-width wp-block-group alignwide is-layout-constrained wp-block-group-is-layout-constrained\">\n<div class=\"wp-block-media-text alignwide has-media-on-the-right is-stacked-on-mobile is-vertically-aligned-center\" style=\"grid-template-columns:auto 43%\"><div class=\"wp-block-media-text__content\">\n<h1 class=\"wp-block-heading has-text-align-left has-white-color has-text-color\">Fa\u00e7onnez l&#8217;avenir de la mode !<\/h1>\n\n\n\n<p class=\"has-white-color has-text-color\">Bienvenue sur l\u2019outil de suivi ENTRE-FASHION \u2013 une plateforme num\u00e9rique qui accompagne les cr\u00e9ateurs \u00e9coresponsables et leurs mentors dans la cr\u00e9ation de produits de mode durables.<\/p>\n\n\n\n<p class=\"has-white-color has-text-color\"><\/p>\n\n\n\n<div class=\"wp-block-buttons is-layout-flex wp-block-buttons-is-layout-flex\">\n<div class=\"wp-block-button\"><a class=\"wp-block-button__link has-vivid-cyan-blue-background-color has-background wp-element-button\" href=\"https:\/\/vetrine-monitoringtool.eu\/fr\/pleins-feux-sur-entrefashion-2\/\">En savoir plus<\/a><\/div>\n<\/div>\n<\/div><figure class=\"wp-block-media-text__media\"><img decoding=\"async\" src=\"https:\/\/vetrine-monitoringtool.eu\/wp-content\/themes\/astra\/inc\/assets\/images\/starter-content\/hero-img.svg\" alt=\"\" class=\"wp-image-118 size-full\"\/><\/figure><\/div>\n<\/div>\n<\/div><\/div>\n\n\n\n<div class=\"wp-block-group alignfull is-layout-constrained wp-container-core-group-is-layout-45b0ac4f wp-block-group-is-layout-constrained\" id=\"services\" style=\"padding-top:144px;padding-bottom:0px\">\n<div class=\"wp-block-buttons alignfull is-content-justification-center is-layout-flex wp-container-core-buttons-is-layout-a89b3969 wp-block-buttons-is-layout-flex\">\n<div class=\"wp-block-button\"><a class=\"wp-block-button__link has-vivid-cyan-blue-to-vivid-purple-gradient-background has-background wp-element-button\" href=\"https:\/\/vetrine-monitoringtool.eu\/fr\/tableau-de-bord-de-lapprenant\/\">Tableau de bord Apprenant<\/a><\/div>\n\n\n\n<div class=\"wp-block-button\"><a class=\"wp-block-button__link has-vivid-cyan-blue-to-vivid-purple-gradient-background has-background has-text-align-center wp-element-button\" href=\"https:\/\/vetrine-monitoringtool.eu\/fr\/tableau-de-bord-du-mentor\/\">Tableau de bord Mentor<\/a><\/div>\n<\/div>\n\n\n\n<h2 class=\"wp-block-heading\">\u00c0 para\u00eetre<\/h2>\n\n\n\n<div class=\"wp-block-columns is-layout-flex wp-container-core-columns-is-layout-60cbf9bb wp-block-columns-is-layout-flex\" style=\"margin-top:50px\">\n<div class=\"wp-block-column is-layout-flow wp-container-core-column-is-layout-6b73ce23 wp-block-column-is-layout-flow\">\n<figure class=\"wp-block-image size-full\"><img loading=\"lazy\" decoding=\"async\" width=\"1707\" height=\"2560\" src=\"https:\/\/vetrine-monitoringtool.eu\/wp-content\/uploads\/2025\/04\/pexels-katya-wolf-8715531-scaled.jpg\" alt=\"\" class=\"wp-image-134\" srcset=\"https:\/\/vetrine-monitoringtool.eu\/wp-content\/uploads\/2025\/04\/pexels-katya-wolf-8715531-scaled.jpg 1707w, https:\/\/vetrine-monitoringtool.eu\/wp-content\/uploads\/2025\/04\/pexels-katya-wolf-8715531-200x300.jpg 200w, https:\/\/vetrine-monitoringtool.eu\/wp-content\/uploads\/2025\/04\/pexels-katya-wolf-8715531-683x1024.jpg 683w, https:\/\/vetrine-monitoringtool.eu\/wp-content\/uploads\/2025\/04\/pexels-katya-wolf-8715531-768x1152.jpg 768w, https:\/\/vetrine-monitoringtool.eu\/wp-content\/uploads\/2025\/04\/pexels-katya-wolf-8715531-1024x1536.jpg 1024w, https:\/\/vetrine-monitoringtool.eu\/wp-content\/uploads\/2025\/04\/pexels-katya-wolf-8715531-1365x2048.jpg 1365w\" sizes=\"auto, (max-width: 1707px) 100vw, 1707px\" \/><\/figure>\n\n\n\n<h3 class=\"wp-block-heading\" style=\"margin-top:16px\"><\/h3>\n<\/div>\n\n\n\n<div class=\"wp-block-column is-layout-flow wp-container-core-column-is-layout-6b73ce23 wp-block-column-is-layout-flow\">\n<figure class=\"wp-block-image size-full\"><img loading=\"lazy\" decoding=\"async\" width=\"1707\" height=\"2560\" src=\"https:\/\/vetrine-monitoringtool.eu\/wp-content\/uploads\/2025\/04\/pexels-michael-burrows-7148010-scaled.jpg\" alt=\"\" class=\"wp-image-131\" srcset=\"https:\/\/vetrine-monitoringtool.eu\/wp-content\/uploads\/2025\/04\/pexels-michael-burrows-7148010-scaled.jpg 1707w, https:\/\/vetrine-monitoringtool.eu\/wp-content\/uploads\/2025\/04\/pexels-michael-burrows-7148010-200x300.jpg 200w, https:\/\/vetrine-monitoringtool.eu\/wp-content\/uploads\/2025\/04\/pexels-michael-burrows-7148010-683x1024.jpg 683w, https:\/\/vetrine-monitoringtool.eu\/wp-content\/uploads\/2025\/04\/pexels-michael-burrows-7148010-768x1152.jpg 768w, https:\/\/vetrine-monitoringtool.eu\/wp-content\/uploads\/2025\/04\/pexels-michael-burrows-7148010-1024x1536.jpg 1024w, https:\/\/vetrine-monitoringtool.eu\/wp-content\/uploads\/2025\/04\/pexels-michael-burrows-7148010-1365x2048.jpg 1365w\" sizes=\"auto, (max-width: 1707px) 100vw, 1707px\" \/><\/figure>\n\n\n\n<h3 class=\"wp-block-heading\" style=\"margin-top:16px\"><\/h3>\n<\/div>\n\n\n\n<div class=\"wp-block-column is-layout-flow wp-container-core-column-is-layout-6b73ce23 wp-block-column-is-layout-flow\">\n<figure class=\"wp-block-image size-full\"><img loading=\"lazy\" decoding=\"async\" width=\"1709\" height=\"2560\" src=\"https:\/\/vetrine-monitoringtool.eu\/wp-content\/uploads\/2025\/04\/pexels-kseniachernaya-7694954-scaled.jpg\" alt=\"\" class=\"wp-image-132\" srcset=\"https:\/\/vetrine-monitoringtool.eu\/wp-content\/uploads\/2025\/04\/pexels-kseniachernaya-7694954-scaled.jpg 1709w, https:\/\/vetrine-monitoringtool.eu\/wp-content\/uploads\/2025\/04\/pexels-kseniachernaya-7694954-200x300.jpg 200w, https:\/\/vetrine-monitoringtool.eu\/wp-content\/uploads\/2025\/04\/pexels-kseniachernaya-7694954-684x1024.jpg 684w, https:\/\/vetrine-monitoringtool.eu\/wp-content\/uploads\/2025\/04\/pexels-kseniachernaya-7694954-768x1150.jpg 768w, https:\/\/vetrine-monitoringtool.eu\/wp-content\/uploads\/2025\/04\/pexels-kseniachernaya-7694954-1025x1536.jpg 1025w, https:\/\/vetrine-monitoringtool.eu\/wp-content\/uploads\/2025\/04\/pexels-kseniachernaya-7694954-1367x2048.jpg 1367w\" sizes=\"auto, (max-width: 1709px) 100vw, 1709px\" \/><\/figure>\n\n\n\n<h3 class=\"wp-block-heading\" style=\"margin-top:16px\"><\/h3>\n<\/div>\n<\/div>\n<\/div>\n\n\n\n<div class=\"wp-block-group alignfull has-background is-layout-constrained wp-container-core-group-is-layout-cfcca693 wp-block-group-is-layout-constrained\" id=\"contact\" style=\"background:linear-gradient(35deg,rgb(6,0,151) 0%,rgb(130,4,255) 64%,rgb(193,15,255) 98%);padding-top:104px;padding-bottom:104px\">\n<figure class=\"wp-block-image aligncenter size-full is-resized\"><img loading=\"lazy\" decoding=\"async\" width=\"648\" height=\"680\" src=\"https:\/\/vetrine-monitoringtool.eu\/wp-content\/uploads\/2025\/03\/cropped-Vetrine-colore_w-500-ok.png\" alt=\"\" class=\"wp-image-27\" style=\"width:103px;height:auto\" srcset=\"https:\/\/vetrine-monitoringtool.eu\/wp-content\/uploads\/2025\/03\/cropped-Vetrine-colore_w-500-ok.png 648w, https:\/\/vetrine-monitoringtool.eu\/wp-content\/uploads\/2025\/03\/cropped-Vetrine-colore_w-500-ok-286x300.png 286w, https:\/\/vetrine-monitoringtool.eu\/wp-content\/uploads\/2025\/03\/cropped-Vetrine-colore_w-500-ok-91x95.png 91w\" sizes=\"auto, (max-width: 648px) 100vw, 648px\" \/><\/figure>\n\n\n\n<div class=\"wp-block-buttons alignwide is-horizontal is-content-justification-center is-layout-flex wp-container-core-buttons-is-layout-bba8380a wp-block-buttons-is-layout-flex\" style=\"margin-top:50px\">\n<div class=\"wp-block-button\"><a class=\"wp-block-button__link wp-element-button\" href=\"https:\/\/vetrine.eu\/\" target=\"_blank\" rel=\"noreferrer noopener\">&#8220;Page d\u2019accueil du projet&#8221;<\/a><\/div>\n<\/div>\n<\/div>\n\n\n\n<p><\/p>\n","protected":false},"excerpt":{"rendered":"<p>\u00c0 para\u00eetre<\/p>\n","protected":false},"author":1,"featured_media":0,"parent":0,"menu_order":0,"comment_status":"closed","ping_status":"closed","template":"","meta":{"site-sidebar-layout":"no-sidebar","site-content-layout":"plain-container","ast-site-content-layout":"","site-content-style":"default","site-sidebar-style":"default","ast-global-header-display":"","ast-banner-title-visibility":"","ast-main-header-display":"","ast-hfb-above-header-display":"","ast-hfb-below-header-display":"","ast-hfb-mobile-header-display":"","site-post-title":"disabled","ast-breadcrumbs-content":"","ast-featured-img":"","footer-sml-layout":"","theme-transparent-header-meta":"enabled","adv-header-id-meta":"","stick-header-meta":"","header-above-stick-meta":"","header-main-stick-meta":"","header-below-stick-meta":"","astra-migrate-meta-layouts":"default","ast-page-background-enabled":"default","ast-page-background-meta":{"desktop":{"background-color":"var(--ast-global-color-5)","background-image":"","background-repeat":"repeat","background-position":"center center","background-size":"auto","background-attachment":"scroll","background-type":"","background-media":"","overlay-type":"","overlay-color":"","overlay-opacity":"","overlay-gradient":""},"tablet":{"background-color":"","background-image":"","background-repeat":"repeat","background-position":"center center","background-size":"auto","background-attachment":"scroll","background-type":"","background-media":"","overlay-type":"","overlay-color":"","overlay-opacity":"","overlay-gradient":""},"mobile":{"background-color":"","background-image":"","background-repeat":"repeat","background-position":"center center","background-size":"auto","background-attachment":"scroll","background-type":"","background-media":"","overlay-type":"","overlay-color":"","overlay-opacity":"","overlay-gradient":""}},"ast-content-background-meta":{"desktop":{"background-color":"var(--ast-global-color-4)","background-image":"","background-repeat":"repeat","background-position":"center center","background-size":"auto","background-attachment":"scroll","background-type":"","background-media":"","overlay-type":"","overlay-color":"","overlay-opacity":"","overlay-gradient":""},"tablet":{"background-color":"var(--ast-global-color-4)","background-image":"","background-repeat":"repeat","background-position":"center center","background-size":"auto","background-attachment":"scroll","background-type":"","background-media":"","overlay-type":"","overlay-color":"","overlay-opacity":"","overlay-gradient":""},"mobile":{"background-color":"var(--ast-global-color-4)","background-image":"","background-repeat":"repeat","background-position":"center center","background-size":"auto","background-attachment":"scroll","background-type":"","background-media":"","overlay-type":"","overlay-color":"","overlay-opacity":"","overlay-gradient":""}},"footnotes":""},"class_list":["post-236","page","type-page","status-publish","hentry"],"_links":{"self":[{"href":"https:\/\/vetrine-monitoringtool.eu\/fr\/wp-json\/wp\/v2\/pages\/236","targetHints":{"allow":["GET"]}}],"collection":[{"href":"https:\/\/vetrine-monitoringtool.eu\/fr\/wp-json\/wp\/v2\/pages"}],"about":[{"href":"https:\/\/vetrine-monitoringtool.eu\/fr\/wp-json\/wp\/v2\/types\/page"}],"author":[{"embeddable":true,"href":"https:\/\/vetrine-monitoringtool.eu\/fr\/wp-json\/wp\/v2\/users\/1"}],"replies":[{"embeddable":true,"href":"https:\/\/vetrine-monitoringtool.eu\/fr\/wp-json\/wp\/v2\/comments?post=236"}],"version-history":[{"count":4,"href":"https:\/\/vetrine-monitoringtool.eu\/fr\/wp-json\/wp\/v2\/pages\/236\/revisions"}],"predecessor-version":[{"id":446,"href":"https:\/\/vetrine-monitoringtool.eu\/fr\/wp-json\/wp\/v2\/pages\/236\/revisions\/446"}],"wp:attachment":[{"href":"https:\/\/vetrine-monitoringtool.eu\/fr\/wp-json\/wp\/v2\/media?parent=236"}],"curies":[{"name":"wp","href":"https:\/\/api.w.org\/{rel}","templated":true}]}}